{"id":213,"date":"2024-03-08T11:44:03","date_gmt":"2024-03-08T10:44:03","guid":{"rendered":"https:\/\/tennis-buchenbuehl.de\/?page_id=213"},"modified":"2024-06-09T11:49:35","modified_gmt":"2024-06-09T09:49:35","slug":"213-2","status":"publish","type":"page","link":"https:\/\/tennis-buchenbuehl.de\/?page_id=213","title":{"rendered":"Der Verein"},"content":{"rendered":"<p>[et_pb_section fb_built=&#8221;1&#8243; _builder_version=&#8221;4.24.2&#8243; _module_preset=&#8221;default&#8221; custom_margin=&#8221;||||false|false&#8221; custom_padding=&#8221;0px||0px||false|false&#8221; global_colors_info=&#8221;{}&#8221;][et_pb_row column_structure=&#8221;1_2,1_2&#8243; _builder_version=&#8221;4.24.2&#8243; _module_preset=&#8221;default&#8221; global_colors_info=&#8221;{}&#8221;][et_pb_column type=&#8221;1_2&#8243; _builder_version=&#8221;4.24.2&#8243; _module_preset=&#8221;default&#8221; global_colors_info=&#8221;{}&#8221;][et_pb_text _builder_version=&#8221;4.24.2&#8243; _module_preset=&#8221;default&#8221; header_font=&#8221;|700|||||||&#8221; header_font_size=&#8221;54px&#8221; header_2_font=&#8221;Arvo||||||||&#8221; header_2_text_color=&#8221;#000000&#8243; header_2_font_size=&#8221;14px&#8221; custom_margin=&#8221;||0px||false|false&#8221; global_colors_info=&#8221;{}&#8221;]<\/p>\n<h2><span style=\"color: #999999;\">ASV Buchenb\u00fchl \u2022\u00a0Abteilung Tennis<\/span><\/h2>\n<h1>Der Verein<span style=\"color: #999999;\"><\/span><\/h1>\n<p>[\/et_pb_text][et_pb_text _builder_version=&#8221;4.24.2&#8243; _module_preset=&#8221;default&#8221; custom_margin=&#8221;||||false|false&#8221; global_colors_info=&#8221;{}&#8221;]<\/p>\n<p>Die Tennisabteilung des ASV Buchenb\u00fchl stellt sich vor.<\/p>\n<p>[\/et_pb_text][\/et_pb_column][et_pb_column type=&#8221;1_2&#8243; _builder_version=&#8221;4.24.2&#8243; _module_preset=&#8221;default&#8221; global_colors_info=&#8221;{}&#8221;][et_pb_cta button_url=&#8221;http:\/\/www.asv-buchenbuehl.de&#8221; button_text=&#8221;Zum Hauptverein&#8221; _builder_version=&#8221;4.24.2&#8243; _module_preset=&#8221;default&#8221; header_level=&#8221;h6&#8243; body_text_color=&#8221;#F7F9F7&#8243; background_color=&#8221;#93B7BE&#8221; custom_button=&#8221;on&#8221; button_text_color=&#8221;#F7F9F7&#8243; button_bg_color=&#8221;#93B7BE&#8221; button_icon=&#8221;&#x24;||divi||400&#8243; button_icon_color=&#8221;gcid-f9348230-05d6-4bfe-a9ad-addfbcb43f2b&#8221; button_icon_placement=&#8221;left&#8221; button_on_hover=&#8221;off&#8221; button_alignment=&#8221;right&#8221; text_orientation=&#8221;right&#8221; module_alignment=&#8221;right&#8221; button_icon_color_tablet=&#8221;gcid-f9348230-05d6-4bfe-a9ad-addfbcb43f2b&#8221; button_icon_color_phone=&#8221;gcid-f9348230-05d6-4bfe-a9ad-addfbcb43f2b&#8221; button_icon_color_last_edited=&#8221;on|desktop&#8221; global_colors_info=&#8221;{%22gcid-f9348230-05d6-4bfe-a9ad-addfbcb43f2b%22:%91%22button_icon_color%22%93}&#8221;]<\/p>\n<p>Hier gehts weiter zum Hauptverein des ASV Buchenb\u00fchl&#8230;<\/p>\n<p>[\/et_pb_cta][\/et_pb_column][\/et_pb_row][et_pb_row column_structure=&#8221;1_4,1_4,1_4,1_4&#8243; _builder_version=&#8221;4.24.2&#8243; _module_preset=&#8221;default&#8221; global_colors_info=&#8221;{}&#8221;][et_pb_column type=&#8221;1_4&#8243; _builder_version=&#8221;4.24.2&#8243; _module_preset=&#8221;default&#8221; global_colors_info=&#8221;{}&#8221;][et_pb_number_counter title=&#8221;Mitglieder&#8221; number=&#8221;54&#8243; percent_sign=&#8221;off&#8221; _builder_version=&#8221;4.24.2&#8243; _module_preset=&#8221;default&#8221; title_text_color=&#8221;#1C2646&#8243; number_text_color=&#8221;#00798C&#8221; locked=&#8221;off&#8221; global_colors_info=&#8221;{}&#8221;][\/et_pb_number_counter][\/et_pb_column][et_pb_column type=&#8221;1_4&#8243; _builder_version=&#8221;4.24.2&#8243; _module_preset=&#8221;default&#8221; global_colors_info=&#8221;{}&#8221;][et_pb_number_counter title=&#8221;Mannschaften&#8221; number=&#8221;3&#8243; percent_sign=&#8221;off&#8221; _builder_version=&#8221;4.24.2&#8243; _module_preset=&#8221;default&#8221; title_text_color=&#8221;#1C2646&#8243; number_text_color=&#8221;#00798C&#8221; global_colors_info=&#8221;{}&#8221;][\/et_pb_number_counter][\/et_pb_column][et_pb_column type=&#8221;1_4&#8243; _builder_version=&#8221;4.24.2&#8243; _module_preset=&#8221;default&#8221; global_colors_info=&#8221;{}&#8221;][et_pb_number_counter title=&#8221;Pl\u00e4tze&#8221; number=&#8221;4&#8243; percent_sign=&#8221;off&#8221; _builder_version=&#8221;4.24.2&#8243; _module_preset=&#8221;default&#8221; title_text_color=&#8221;#1C2646&#8243; number_text_color=&#8221;#00798C&#8221; locked=&#8221;off&#8221; global_colors_info=&#8221;{}&#8221;][\/et_pb_number_counter][\/et_pb_column][et_pb_column type=&#8221;1_4&#8243; _builder_version=&#8221;4.24.2&#8243; _module_preset=&#8221;default&#8221; global_colors_info=&#8221;{}&#8221;][et_pb_number_counter title=&#8221;Vereinsjahre&#8221; number=&#8221;99&#8243; percent_sign=&#8221;off&#8221; _builder_version=&#8221;4.24.2&#8243; _module_preset=&#8221;default&#8221; title_text_color=&#8221;#1C2646&#8243; number_text_color=&#8221;#00798C&#8221; locked=&#8221;off&#8221; global_colors_info=&#8221;{}&#8221;][\/et_pb_number_counter][\/et_pb_column][\/et_pb_row][et_pb_row column_structure=&#8221;1_5,1_5,1_5,1_5,1_5&#8243; _builder_version=&#8221;4.24.2&#8243; _module_preset=&#8221;default&#8221; global_colors_info=&#8221;{}&#8221;][et_pb_column type=&#8221;1_5&#8243; _builder_version=&#8221;4.24.2&#8243; _module_preset=&#8221;default&#8221; global_colors_info=&#8221;{}&#8221;][et_pb_team_member name=&#8221;Marc Oechler&#8221; position=&#8221;1. Vorstand&#8221; image_url=&#8221;http:\/\/tennis-buchenbuehl.de\/wp-content\/uploads\/2024\/05\/MarcOechler2.jpg&#8221; _builder_version=&#8221;4.25.1&#8243; _module_preset=&#8221;default&#8221; hover_enabled=&#8221;0&#8243; border_radii_image=&#8221;on|20px|20px|20px|20px&#8221; global_colors_info=&#8221;{}&#8221; sticky_enabled=&#8221;0&#8243;][\/et_pb_team_member][\/et_pb_column][et_pb_column type=&#8221;1_5&#8243; _builder_version=&#8221;4.24.2&#8243; _module_preset=&#8221;default&#8221; global_colors_info=&#8221;{}&#8221;][et_pb_team_member name=&#8221;Dietmar Feiler&#8221; position=&#8221;2. Vorstand&#8221; image_url=&#8221;http:\/\/tennis-buchenbuehl.de\/wp-content\/uploads\/2024\/05\/DietmarFeiler2.jpg&#8221; _builder_version=&#8221;4.25.1&#8243; _module_preset=&#8221;default&#8221; border_radii_image=&#8221;on|20px|20px|20px|20px&#8221; locked=&#8221;off&#8221; global_colors_info=&#8221;{}&#8221;]<\/p>\n<p>Technik &amp; Au\u00dfenanlage<\/p>\n<p>[\/et_pb_team_member][\/et_pb_column][et_pb_column type=&#8221;1_5&#8243; _builder_version=&#8221;4.24.2&#8243; _module_preset=&#8221;default&#8221; global_colors_info=&#8221;{}&#8221;][et_pb_team_member name=&#8221;Stefan Ehrenreich&#8221; position=&#8221;3. Vorstand&#8221; image_url=&#8221;http:\/\/tennis-buchenbuehl.de\/wp-content\/uploads\/2024\/05\/StefanEhrenreich2.jpg&#8221; _builder_version=&#8221;4.25.1&#8243; _module_preset=&#8221;default&#8221; border_radii_image=&#8221;on|20px|20px|20px|20px&#8221; locked=&#8221;off&#8221; global_colors_info=&#8221;{}&#8221;]<\/p>\n<p>Recht &amp; Sonstiges<\/p>\n<p>[\/et_pb_team_member][\/et_pb_column][et_pb_column type=&#8221;1_5&#8243; _builder_version=&#8221;4.24.2&#8243; _module_preset=&#8221;default&#8221; global_colors_info=&#8221;{}&#8221;][et_pb_team_member name=&#8221;Volker Hofmann&#8221; position=&#8221;Sportwart&#8221; image_url=&#8221;http:\/\/tennis-buchenbuehl.de\/wp-content\/uploads\/2024\/05\/VolkerHoffmann2.jpg&#8221; _builder_version=&#8221;4.25.1&#8243; _module_preset=&#8221;default&#8221; border_radii_image=&#8221;on|20px|20px|20px|20px&#8221; locked=&#8221;off&#8221; global_colors_info=&#8221;{}&#8221;][\/et_pb_team_member][\/et_pb_column][et_pb_column type=&#8221;1_5&#8243; _builder_version=&#8221;4.24.2&#8243; _module_preset=&#8221;default&#8221; global_colors_info=&#8221;{}&#8221;][et_pb_team_member name=&#8221;Nicki Meisner&#8221; position=&#8221;Kassiererin&#8221; image_url=&#8221;http:\/\/tennis-buchenbuehl.de\/wp-content\/uploads\/2024\/03\/avatar.jpg&#8221; _builder_version=&#8221;4.25.1&#8243; _module_preset=&#8221;default&#8221; border_radii_image=&#8221;on|20px|20px|20px|20px&#8221; locked=&#8221;off&#8221; global_colors_info=&#8221;{}&#8221;][\/et_pb_team_member][\/et_pb_column][\/et_pb_row][et_pb_row column_structure=&#8221;1_5,1_5,1_5,1_5,1_5&#8243; _builder_version=&#8221;4.24.2&#8243; _module_preset=&#8221;default&#8221; global_colors_info=&#8221;{}&#8221;][et_pb_column type=&#8221;1_5&#8243; _builder_version=&#8221;4.24.2&#8243; _module_preset=&#8221;default&#8221; global_colors_info=&#8221;{}&#8221;][et_pb_team_member name=&#8221;Leonie Feiler&#8221; position=&#8221;Jugendwart&#8221; image_url=&#8221;http:\/\/tennis-buchenbuehl.de\/wp-content\/uploads\/2024\/05\/LeonieFeiler2.jpg&#8221; _builder_version=&#8221;4.25.1&#8243; _module_preset=&#8221;default&#8221; border_radii_image=&#8221;on|20px|20px|20px|20px&#8221; global_colors_info=&#8221;{}&#8221;][\/et_pb_team_member][\/et_pb_column][et_pb_column type=&#8221;1_5&#8243; _builder_version=&#8221;4.24.2&#8243; _module_preset=&#8221;default&#8221; global_colors_info=&#8221;{}&#8221;][et_pb_team_member name=&#8221;Lena Samland&#8221; position=&#8221;Jugendwart&#8221; image_url=&#8221;http:\/\/tennis-buchenbuehl.de\/wp-content\/uploads\/2024\/03\/avatar.jpg&#8221; _builder_version=&#8221;4.24.2&#8243; _module_preset=&#8221;default&#8221; border_radii_image=&#8221;on|20px|20px|20px|20px&#8221; locked=&#8221;off&#8221; global_colors_info=&#8221;{}&#8221;][\/et_pb_team_member][\/et_pb_column][et_pb_column type=&#8221;1_5&#8243; _builder_version=&#8221;4.24.2&#8243; _module_preset=&#8221;default&#8221; global_colors_info=&#8221;{}&#8221;][et_pb_team_member name=&#8221;Martina Seitz-Kreisk\u00f6ther&#8221; position=&#8221;Schriftf\u00fchrerin&#8221; image_url=&#8221;http:\/\/tennis-buchenbuehl.de\/wp-content\/uploads\/2024\/05\/MartinaSeitzKreiskoether2.jpg&#8221; _builder_version=&#8221;4.25.1&#8243; _module_preset=&#8221;default&#8221; border_radii_image=&#8221;on|20px|20px|20px|20px&#8221; locked=&#8221;off&#8221; global_colors_info=&#8221;{}&#8221;][\/et_pb_team_member][\/et_pb_column][et_pb_column type=&#8221;1_5&#8243; _builder_version=&#8221;4.24.2&#8243; _module_preset=&#8221;default&#8221; global_colors_info=&#8221;{}&#8221;][et_pb_team_member name=&#8221;Mikel Moser&#8221; position=&#8221;Vergn\u00fcgungswart&#8221; image_url=&#8221;http:\/\/tennis-buchenbuehl.de\/wp-content\/uploads\/2024\/05\/MichaelMoser2.jpg&#8221; _builder_version=&#8221;4.25.1&#8243; _module_preset=&#8221;default&#8221; border_radii_image=&#8221;on|20px|20px|20px|20px&#8221; locked=&#8221;off&#8221; global_colors_info=&#8221;{}&#8221;][\/et_pb_team_member][\/et_pb_column][et_pb_column type=&#8221;1_5&#8243; _builder_version=&#8221;4.24.2&#8243; _module_preset=&#8221;default&#8221; global_colors_info=&#8221;{}&#8221;][\/et_pb_column][\/et_pb_row][\/et_pb_section][et_pb_section fb_built=&#8221;1&#8243; _builder_version=&#8221;4.24.2&#8243; _module_preset=&#8221;default&#8221; background_color=&#8221;RGBA(255,255,255,0)&#8221; custom_margin=&#8221;0px||0px||false|false&#8221; custom_padding=&#8221;0px||0px||false|false&#8221; global_colors_info=&#8221;{}&#8221;][et_pb_row _builder_version=&#8221;4.24.2&#8243; _module_preset=&#8221;default&#8221; global_colors_info=&#8221;{}&#8221;][et_pb_column type=&#8221;4_4&#8243; _builder_version=&#8221;4.24.2&#8243; _module_preset=&#8221;default&#8221; global_colors_info=&#8221;{}&#8221;][et_pb_text _builder_version=&#8221;4.25.1&#8243; _module_preset=&#8221;default&#8221; global_colors_info=&#8221;{}&#8221;]<\/p>\n<p>Der ASV Buchenb\u00fchl wurde 1925 als Arbeitersportverein gegr\u00fcndet und bot zahlreiche Sportarten wie Fu\u00dfball, Handball und Leichtathletik an. Trotz fr\u00fcher Erfolge, wie dem Sieg \u00fcber den deutschen Meister und einem Weitsprung-Bundesrekord, wurde der Verein 1933 von den Nationalsozialisten aufgel\u00f6st. Nach dem Zweiten Weltkrieg erfolgte 1946 die Neugr\u00fcndung. Der Verein erbaute ein neues Sportgel\u00e4nde und Vereinsheim und fokussierte sich vorrangig auf Fu\u00dfball, obwohl auch andere Sportarten wie Tischtennis und Handball kurzzeitig erfolgreich waren.<\/p>\n<p>Die Fu\u00dfballmannschaft erlebte im Laufe der Jahre viele Auf- und Abstiege. Ein besonderes Ereignis war ein DFB-Pokalspiel gegen SpVgg F\u00fcrth 1969, das trotz einer Niederlage f\u00fcr gro\u00dfe Aufmerksamkeit sorgte. 1971 wurde das Vereinsheim durch einen Brand zerst\u00f6rt, aber die Gemeinschaft unterst\u00fctzte den Wiederaufbau. Der Verein erweiterte sein Angebot um Tennis und Tischtennis und richtete verschiedene Fitnesskurse ein. Heute verf\u00fcgt der ASV Buchenb\u00fchl \u00fcber ein umfangreiches Sportareal und ist ein wichtiger sozialer Treffpunkt in der Region.<\/p>\n<p>[\/et_pb_text][\/et_pb_column][\/et_pb_row][\/et_pb_section][et_pb_section fb_built=&#8221;1&#8243; _builder_version=&#8221;4.24.2&#8243; _module_preset=&#8221;default&#8221; global_colors_info=&#8221;{}&#8221;][et_pb_row _builder_version=&#8221;4.24.2&#8243; _module_preset=&#8221;default&#8221; global_colors_info=&#8221;{}&#8221;][et_pb_column type=&#8221;4_4&#8243; _builder_version=&#8221;4.24.2&#8243; _module_preset=&#8221;default&#8221; global_colors_info=&#8221;{}&#8221;][et_pb_pricing_tables show_bullet=&#8221;off&#8221; _builder_version=&#8221;4.25.1&#8243; _module_preset=&#8221;default&#8221; price_text_color=&#8221;#00798C&#8221; background_color=&#8221;#1C2646&#8243; border_width_all=&#8221;0px&#8221; global_colors_info=&#8221;{}&#8221;][et_pb_pricing_table title=&#8221;Regul\u00e4re Mitgliedschaft&#8221; subtitle=&#8221;(erfordert zus\u00e4tzlich eine Mitgliedschaft im Hauptverein)&#8221; currency=&#8221;\u20ac&#8221; per=&#8221;pro Jahr&#8221; sum=&#8221;210&#8243; price_background_color=&#8221;#1C2646&#8243; header_background_color=&#8221;#EBFA46&#8243; _builder_version=&#8221;4.25.1&#8243; _module_preset=&#8221;default&#8221; price_text_color=&#8221;#EBFA46&#8243; header_text_color=&#8221;#1C2646&#8243; body_text_color=&#8221;#DBF9F0&#8243; subheader_text_color=&#8221;#1C2646&#8243; background_color=&#8221;#1C2646&#8243; background_enable_color=&#8221;on&#8221; border_width_all=&#8221;0px&#8221; global_colors_info=&#8221;{}&#8221; sticky_transition=&#8221;on&#8221;]<\/p>\n<p>Freier Zugang zu allen Tennispl\u00e4tzen (auch am Wochenende). Optional ist 1x Trainerstunde pro Woche innerhalb der Sommersaison zubuchbar.<\/p>\n<p><span style=\"color: #ffffff;\"><a href=\"http:\/\/tennis-buchenbuehl.de\/wp-content\/uploads\/2024\/06\/Aufnahmeantrag_2017-ohne-Sepa_1.pdf\" style=\"color: #ffffff;\">Download Mitgliedsantrag<\/a><\/span><\/p>\n<p>[\/et_pb_pricing_table][\/et_pb_pricing_tables][\/et_pb_column][\/et_pb_row][\/et_pb_section]<\/p>\n","protected":false},"excerpt":{"rendered":"<p>ASV Buchenb\u00fchl \u2022\u00a0Abteilung Tennis Der VereinDie Tennisabteilung des ASV Buchenb\u00fchl stellt sich vor.Hier gehts weiter zum Hauptverein des ASV Buchenb\u00fchl&#8230;Technik &amp; Au\u00dfenanlageRecht &amp; SonstigesDer ASV Buchenb\u00fchl wurde 1925 als Arbeitersportverein [&hellip;]<\/p>\n","protected":false},"author":1,"featured_media":0,"parent":0,"menu_order":0,"comment_status":"closed","ping_status":"closed","template":"","meta":{"_et_pb_use_builder":"on","_et_pb_old_content":"","_et_gb_content_width":"","footnotes":""},"class_list":["post-213","page","type-page","status-publish","hentry"],"_links":{"self":[{"href":"https:\/\/tennis-buchenbuehl.de\/index.php?rest_route=\/wp\/v2\/pages\/213","targetHints":{"allow":["GET"]}}],"collection":[{"href":"https:\/\/tennis-buchenbuehl.de\/index.php?rest_route=\/wp\/v2\/pages"}],"about":[{"href":"https:\/\/tennis-buchenbuehl.de\/index.php?rest_route=\/wp\/v2\/types\/page"}],"author":[{"embeddable":true,"href":"https:\/\/tennis-buchenbuehl.de\/index.php?rest_route=\/wp\/v2\/users\/1"}],"replies":[{"embeddable":true,"href":"https:\/\/tennis-buchenbuehl.de\/index.php?rest_route=%2Fwp%2Fv2%2Fcomments&post=213"}],"version-history":[{"count":31,"href":"https:\/\/tennis-buchenbuehl.de\/index.php?rest_route=\/wp\/v2\/pages\/213\/revisions"}],"predecessor-version":[{"id":550,"href":"https:\/\/tennis-buchenbuehl.de\/index.php?rest_route=\/wp\/v2\/pages\/213\/revisions\/550"}],"wp:attachment":[{"href":"https:\/\/tennis-buchenbuehl.de\/index.php?rest_route=%2Fwp%2Fv2%2Fmedia&parent=213"}],"curies":[{"name":"wp","href":"https:\/\/api.w.org\/{rel}","templated":true}]}}