{"id":247,"date":"2024-03-08T12:10:20","date_gmt":"2024-03-08T11:10:20","guid":{"rendered":"https:\/\/tennis-buchenbuehl.de\/?page_id=247"},"modified":"2025-03-03T10:49:45","modified_gmt":"2025-03-03T09:49:45","slug":"anfahrt-2","status":"publish","type":"page","link":"https:\/\/tennis-buchenbuehl.de\/?page_id=247","title":{"rendered":"Anfahrt"},"content":{"rendered":"<p>[et_pb_section fb_built=&#8221;1&#8243; _builder_version=&#8221;4.24.2&#8243; _module_preset=&#8221;default&#8221; custom_margin=&#8221;||||false|false&#8221; custom_padding=&#8221;0px||0px||false|false&#8221; global_colors_info=&#8221;{}&#8221;][et_pb_row column_structure=&#8221;1_2,1_2&#8243; _builder_version=&#8221;4.24.2&#8243; _module_preset=&#8221;default&#8221; global_colors_info=&#8221;{}&#8221;][et_pb_column type=&#8221;1_2&#8243; _builder_version=&#8221;4.24.2&#8243; _module_preset=&#8221;default&#8221; global_colors_info=&#8221;{}&#8221;][et_pb_text _builder_version=&#8221;4.25.1&#8243; _module_preset=&#8221;default&#8221; header_font=&#8221;|700|||||||&#8221; header_font_size=&#8221;54px&#8221; header_2_font=&#8221;Arvo||||||||&#8221; header_2_text_color=&#8221;#000000&#8243; header_2_font_size=&#8221;14px&#8221; custom_margin=&#8221;||0px||false|false&#8221; header_font_size_tablet=&#8221;74px&#8221; header_font_size_phone=&#8221;56px&#8221; header_font_size_last_edited=&#8221;on|phone&#8221; global_colors_info=&#8221;{}&#8221;]<\/p>\n<h2><span style=\"color: #999999;\">ASV Buchenb\u00fchl \u2022\u00a0Abteilung Tennis<\/span><\/h2>\n<h1>Anfahrt<span style=\"color: #999999;\"><\/span><\/h1>\n<p>[\/et_pb_text][et_pb_text _builder_version=&#8221;4.27.4&#8243; _module_preset=&#8221;default&#8221; custom_margin=&#8221;||||false|false&#8221; hover_enabled=&#8221;0&#8243; global_colors_info=&#8221;{}&#8221; sticky_enabled=&#8221;0&#8243;]<\/p>\n<p><strong>Wildenfelsweg 1, 90411 N\u00fcrnberg<\/strong><\/p>\n<p>Am Ende des Ehrenb\u00fcrgwegs links in den M\u00e4rzenweg einbiegen. Ab hier kann man der Beschilderung folgen &#8211; nach links<span style=\"font-size: 14px;\"> geht es zu den Tennispl\u00e4tzen &#8211; rechts w\u00fcrde es direkt weiter zur ASV Sportgastst\u00e4tte &#8220;Buchenb\u00fchler Eck&#8221; gehen.<\/span><span style=\"font-size: 14px;\"><\/span><\/p>\n<p>[\/et_pb_text][et_pb_image src=&#8221;http:\/\/tennis-buchenbuehl.de\/wp-content\/uploads\/2025\/03\/PHOTO-2025-02-27-08-33-46-768&#215;1024.jpg&#8221; _builder_version=&#8221;4.27.4&#8243; _module_preset=&#8221;default&#8221; title_text=&#8221;PHOTO-2025-02-27-08-33-46&#8243; hover_enabled=&#8221;0&#8243; sticky_enabled=&#8221;0&#8243; width=&#8221;60%&#8221; module_alignment=&#8221;center&#8221;][\/et_pb_image][et_pb_text _builder_version=&#8221;4.27.4&#8243; _module_preset=&#8221;default&#8221; hover_enabled=&#8221;0&#8243; sticky_enabled=&#8221;0&#8243;]<\/p>\n<p>Nach dem Abbiegen nach links nach ca. 100m rechts dem geteerten Weg folgen (verl\u00e4uft zwischen Fu\u00dfballplatz und Hundeschule) und bis zum Vereinshaus folgen.<\/p>\n<p>[\/et_pb_text][\/et_pb_column][et_pb_column type=&#8221;1_2&#8243; _builder_version=&#8221;4.24.2&#8243; _module_preset=&#8221;default&#8221; global_colors_info=&#8221;{}&#8221;][et_pb_image src=&#8221;http:\/\/tennis-buchenbuehl.de\/wp-content\/uploads\/2024\/03\/Anfahrt-1.png&#8221; title_text=&#8221;Anfahrt&#8221; _builder_version=&#8221;4.24.2&#8243; _module_preset=&#8221;default&#8221; border_radii=&#8221;on|10px|10px|10px|10px&#8221; global_colors_info=&#8221;{}&#8221;][\/et_pb_image][\/et_pb_column][\/et_pb_row][\/et_pb_section]<\/p>\n","protected":false},"excerpt":{"rendered":"<p>ASV Buchenb\u00fchl \u2022\u00a0Abteilung Tennis AnfahrtWildenfelsweg 1, 90411 N\u00fcrnberg Am Ende des Ehrenb\u00fcrgwegs links in den M\u00e4rzenweg einbiegen. Ab hier kann man der Beschilderung folgen &#8211; nach links geht es zu [&hellip;]<\/p>\n","protected":false},"author":1,"featured_media":0,"parent":0,"menu_order":0,"comment_status":"closed","ping_status":"closed","template":"","meta":{"_et_pb_use_builder":"on","_et_pb_old_content":"","_et_gb_content_width":"","footnotes":""},"class_list":["post-247","page","type-page","status-publish","hentry"],"_links":{"self":[{"href":"https:\/\/tennis-buchenbuehl.de\/index.php?rest_route=\/wp\/v2\/pages\/247","targetHints":{"allow":["GET"]}}],"collection":[{"href":"https:\/\/tennis-buchenbuehl.de\/index.php?rest_route=\/wp\/v2\/pages"}],"about":[{"href":"https:\/\/tennis-buchenbuehl.de\/index.php?rest_route=\/wp\/v2\/types\/page"}],"author":[{"embeddable":true,"href":"https:\/\/tennis-buchenbuehl.de\/index.php?rest_route=\/wp\/v2\/users\/1"}],"replies":[{"embeddable":true,"href":"https:\/\/tennis-buchenbuehl.de\/index.php?rest_route=%2Fwp%2Fv2%2Fcomments&post=247"}],"version-history":[{"count":15,"href":"https:\/\/tennis-buchenbuehl.de\/index.php?rest_route=\/wp\/v2\/pages\/247\/revisions"}],"predecessor-version":[{"id":554,"href":"https:\/\/tennis-buchenbuehl.de\/index.php?rest_route=\/wp\/v2\/pages\/247\/revisions\/554"}],"wp:attachment":[{"href":"https:\/\/tennis-buchenbuehl.de\/index.php?rest_route=%2Fwp%2Fv2%2Fmedia&parent=247"}],"curies":[{"name":"wp","href":"https:\/\/api.w.org\/{rel}","templated":true}]}}