{"id":430,"date":"2024-05-14T20:20:21","date_gmt":"2024-05-14T18:20:21","guid":{"rendered":"https:\/\/tennis-buchenbuehl.de\/?page_id=430"},"modified":"2024-05-14T20:25:19","modified_gmt":"2024-05-14T18:25:19","slug":"impressum","status":"publish","type":"page","link":"https:\/\/tennis-buchenbuehl.de\/?page_id=430","title":{"rendered":"Impressum"},"content":{"rendered":"<p>[et_pb_section fb_built=&#8221;1&#8243; _builder_version=&#8221;4.24.2&#8243; _module_preset=&#8221;default&#8221; custom_margin=&#8221;||||false|false&#8221; custom_padding=&#8221;0px||0px||false|false&#8221; global_colors_info=&#8221;{}&#8221;][et_pb_row _builder_version=&#8221;4.24.2&#8243; _module_preset=&#8221;default&#8221; global_colors_info=&#8221;{}&#8221;][et_pb_column type=&#8221;4_4&#8243; _builder_version=&#8221;4.24.2&#8243; _module_preset=&#8221;default&#8221; global_colors_info=&#8221;{}&#8221;][et_pb_text _builder_version=&#8221;4.24.2&#8243; _module_preset=&#8221;default&#8221; header_font=&#8221;|700|||||||&#8221; header_font_size=&#8221;54px&#8221; header_2_font=&#8221;Arvo||||||||&#8221; header_2_text_color=&#8221;#000000&#8243; header_2_font_size=&#8221;14px&#8221; custom_margin=&#8221;||0px||false|false&#8221; header_font_size_tablet=&#8221;74px&#8221; header_font_size_phone=&#8221;60px&#8221; header_font_size_last_edited=&#8221;on|phone&#8221; global_colors_info=&#8221;{}&#8221;]<\/p>\n<h2><span style=\"color: #999999;\">ASV Buchenb\u00fchl \u2022\u00a0Abteilung Tennis<\/span><\/h2>\n<h1>Impressum<span style=\"color: #999999;\"><\/span><\/h1>\n<p>[\/et_pb_text][\/et_pb_column][\/et_pb_row][et_pb_row _builder_version=&#8221;4.25.1&#8243; _module_preset=&#8221;default&#8221;][et_pb_column _builder_version=&#8221;4.25.1&#8243; _module_preset=&#8221;default&#8221; type=&#8221;4_4&#8243;][et_pb_text _builder_version=&#8221;4.25.1&#8243; _module_preset=&#8221;default&#8221; hover_enabled=&#8221;0&#8243; sticky_enabled=&#8221;0&#8243;]<\/p>\n<p><strong>Website-Inhaber<\/strong><\/p>\n<p><span>Tennisabteilung des ASV Buchenb\u00fchl e.V.<\/span><br \/><span>Mitglied im BLSV<\/span><br \/><span>Wildenfelsweg 6<\/span><br \/><span>90411 N\u00fcrnberg<\/span><\/p>\n<p><span><strong>Verantwortlich f\u00fcr den Inhalt<\/strong> <\/span><\/p>\n<p>Dietmar Feiler, Marc Oechler<br \/>Vorstandschaft\u00a0<br \/>Wildenfelsweg 6<br \/>90411 N\u00fcrnberg<br \/>Mail: <a href=\"mailto:info@tennis-buchenbuehl.de\">info@tennis-buchenbuehl.de<\/a>\u00a0<\/p>\n<p>Webdesign und Umsetzung durch <a href=\"https:\/\/doerntlein.com\" target=\"_blank\" rel=\"noopener\">doerntlein.com<\/a><\/p>\n<p>[\/et_pb_text][\/et_pb_column][\/et_pb_row][\/et_pb_section][et_pb_section fb_built=&#8221;1&#8243; _builder_version=&#8221;4.24.2&#8243; _module_preset=&#8221;default&#8221; custom_margin=&#8221;0px||0px||false|false&#8221; custom_padding=&#8221;0px||0px||false|false&#8221; global_colors_info=&#8221;{}&#8221;][\/et_pb_section]<\/p>\n","protected":false},"excerpt":{"rendered":"<p>ASV Buchenb\u00fchl \u2022\u00a0Abteilung Tennis ImpressumWebsite-Inhaber Tennisabteilung des ASV Buchenb\u00fchl e.V.Mitglied im BLSVWildenfelsweg 690411 N\u00fcrnberg Verantwortlich f\u00fcr den Inhalt Dietmar Feiler, Marc OechlerVorstandschaft\u00a0Wildenfelsweg 690411 N\u00fcrnbergMail: info@tennis-buchenbuehl.de\u00a0 Webdesign und Umsetzung durch doerntlein.com<\/p>\n","protected":false},"author":1,"featured_media":0,"parent":0,"menu_order":0,"comment_status":"closed","ping_status":"closed","template":"","meta":{"_et_pb_use_builder":"on","_et_pb_old_content":"","_et_gb_content_width":"","footnotes":""},"class_list":["post-430","page","type-page","status-publish","hentry"],"_links":{"self":[{"href":"https:\/\/tennis-buchenbuehl.de\/index.php?rest_route=\/wp\/v2\/pages\/430","targetHints":{"allow":["GET"]}}],"collection":[{"href":"https:\/\/tennis-buchenbuehl.de\/index.php?rest_route=\/wp\/v2\/pages"}],"about":[{"href":"https:\/\/tennis-buchenbuehl.de\/index.php?rest_route=\/wp\/v2\/types\/page"}],"author":[{"embeddable":true,"href":"https:\/\/tennis-buchenbuehl.de\/index.php?rest_route=\/wp\/v2\/users\/1"}],"replies":[{"embeddable":true,"href":"https:\/\/tennis-buchenbuehl.de\/index.php?rest_route=%2Fwp%2Fv2%2Fcomments&post=430"}],"version-history":[{"count":3,"href":"https:\/\/tennis-buchenbuehl.de\/index.php?rest_route=\/wp\/v2\/pages\/430\/revisions"}],"predecessor-version":[{"id":434,"href":"https:\/\/tennis-buchenbuehl.de\/index.php?rest_route=\/wp\/v2\/pages\/430\/revisions\/434"}],"wp:attachment":[{"href":"https:\/\/tennis-buchenbuehl.de\/index.php?rest_route=%2Fwp%2Fv2%2Fmedia&parent=430"}],"curies":[{"name":"wp","href":"https:\/\/api.w.org\/{rel}","templated":true}]}}